{"id":647,"date":"2015-11-17T14:01:16","date_gmt":"2015-11-17T12:01:16","guid":{"rendered":"http:\/\/www.expressmagnet.eu\/sv\/?page_id=647"},"modified":"2025-01-22T13:12:48","modified_gmt":"2025-01-22T11:12:48","slug":"pdf-anvisningar","status":"publish","type":"page","link":"https:\/\/www.expressmagnet.eu\/sv\/pdf-anvisningar\/","title":{"rendered":"PDF anvisningar"},"content":{"rendered":"<div class=\"wpb-content-wrapper\">[vc_row][vc_column][vc_column_text]\n<h3>Anvisningar f\u00f6r PDF-dokument som ger de b\u00e4sta och mest kompatibla MagNet Express publikationerna<\/h3>\n[\/vc_column_text]<div class=\"separator  \" style=\"padding-top: 20px; padding-bottom: 20px; \" ><hr class=\"dotted\" ><\/div>[vc_column_text]\n<h4>1. V\u00c4LJ EN TYDLIG FONT OCH STORLEK F\u00d6R DIN TEXT<\/h4>\n<p>F\u00f6r online bruk \u00e4r det viktigt att arbeta med en text storlek som \u00e4r minst 10pt \/ 13px s\u00e5 att inneh\u00e5llet \u00e4r l\u00e4tt att l\u00e4sa p\u00e5 alla apparater. Kontrollera att fonterna \u00e4r tjocka, skarpa och l\u00e4sbara. En liten och tunn text \u00e4r sv\u00e5r att l\u00e4sa i en online publikation.<\/p>\n<p>F\u00f6r att garantera ett skarpt och rent uts\u00e9ende i era publikationer rekommenderar vi att ni anv\u00e4nder enbart webbs\u00e4kra fonter. <strong><a href=\"https:\/\/en.wikipedia.org\/wiki\/Web_typography\" target=\"_blank\" rel=\"noopener noreferrer\">Vad \u00e4r en webbs\u00e4ker font?<\/a><\/strong> (p\u00e5 engelska)[\/vc_column_text]<div class=\"separator  \" style=\"padding-top: 20px; padding-bottom: 20px; \" ><hr class=\"dotted\" ><\/div>[vc_column_text]\n<h4>2. F\u00d6RS\u00c4KRA DIG OM EN TILLR\u00c4CKLIG BILDSTORLEK<\/h4>\n<p>Om du vill att dina bilder skall vara kvalitativa och tydliga i n\u00e4ttidningen b\u00f6r du anv\u00e4nda skarpa bilder av tryckkvalitet med en resolution p\u00e5 minst\u00a0<strong>200 dpi<\/strong>. D\u00e5 h\u00e5lls bilderna skarpa \u00e4ven n\u00e4r man zoomar i n\u00e4ttidningen. Undvik anv\u00e4ndning av webb-optimerade bilder med resolutionen 72 dpi.[\/vc_column_text]<div class=\"separator  \" style=\"padding-top: 20px; padding-bottom: 20px; \" ><hr class=\"dotted\" ><\/div>[vc_column_text]\n<h4>3. L\u00c4NKAR OCH INNEH\u00c5LLSF\u00d6RTECKNING G\u00d6R DIN PUBLIKATION ANV\u00c4NDARV\u00c4NLIG<\/h4>\n<p>Du kan l\u00e4gga till l\u00e4nkar och bokm\u00e4rken till din PDF med verktyg som Adobe Acrobat eller InDesign.[\/vc_column_text]<div class=\"separator  \" style=\"padding-top: 20px; padding-bottom: 20px; \" ><hr class=\"dotted\" ><\/div><div class=\"toggle  clearfix  \"><div class=\"togglet \"><span>L\u00e4gg till en l\u00e4nk i din PDF-fil<\/span><\/div><div class=\"togglec  clearfix\">V\u00e4lj l\u00e4nkverktyget och dra en rektangel d\u00e4r du vill skapa en l\u00e4nk. Det \u00e4r detta omr\u00e5de som l\u00e4nken \u00e4r aktiv i.<\/p>\n<p>I dialogrutan Skapa l\u00e4nk v\u00e4ljer du vilka alternativ du vill ha f\u00f6r l\u00e4nkens utseende. Anv\u00e4nd stilen <em>invisible rectangle<\/em> f\u00f6r l\u00e4nkarna.<\/p>\n<p>Du kan l\u00e4gga till l\u00e4nkar till spefika webb-adresser (web page URL) eller l\u00e4nkar som f\u00f6r till en viss sida inom publikationen (page view). Alla PDF-filens l\u00e4nkar l\u00e4ses automatiskt in i n\u00e4ttidningen i samband med konverteringen.<\/p>\n<p>Skapa inte l\u00e4nkar som t\u00e4cker hela sidor och placera inte l\u00e4nkar fast i kanterna. I kanterna b\u00f6r reserveras en l\u00e4nkfri zon lika stor som en tumspets f\u00f6r att f\u00f6rs\u00e4kra att sidbyte, zoomning och l\u00e4nkar fungerar korrekt.<\/p>\n<p>Gl\u00f6m inte att spara filen och pr\u00f6va l\u00e4nkarna i PDF-filen f\u00f6re uppladdning. Om l\u00e4nkarna inte fungerar i PDF-filen kommer de inte att g\u00f6ra det i n\u00e4ttidningen heller.<\/div><\/div><div class=\"toggle  clearfix  \"><div class=\"togglet \"><span>Skapa en inneh\u00e5llsf\u00f6rteckning med hj\u00e4lp av bokm\u00e4rken<\/span><\/div><div class=\"togglec  clearfix\">En inneh\u00e5llsf\u00f6rteckning hj\u00e4lper l\u00e4sare att bl\u00e4ddra i en stor publikation som en katalog.<\/p>\n<p>F\u00f6r att skapa en\u00a0inneh\u00e5llsf\u00f6rteckning beh\u00f6ver du en lista p\u00e5 \u00e4mnen som behandlas i publikationen. Denna \u00e4mneslista sparas som bokm\u00e4rken som leder l\u00e4sare direkt till det valda \u00e4mnet inom publikationen.<\/p>\n<p>B\u00f6rja med att \u00f6ppna sidan du vill att bokm\u00e4rket skall leda till.<\/p>\n<p>Klicka p\u00e5 &#8221;Bokm\u00e4rken&#8221; knappen och v\u00e4lj bokm\u00e4rket du vill att det nya bokm\u00e4rket skall komma under. Ifall du inte v\u00e4ljer ett bokm\u00e4rke kommer det nya bokm\u00e4rket som sist i listan.<\/p>\n<p>V\u00e4lj &#8221;Nytt bokm\u00e4rke&#8221; fr\u00e5n menyn.\u00a0Skriv eller redigera namnet p\u00e5 det nya bokm\u00e4rket p\u00e5 panelen Bokm\u00e4rken.<\/p>\n<p>Gl\u00f6m inte att spara filen och pr\u00f6va alla\u00a0bokm\u00e4rken\u00a0i PDF-filen f\u00f6re uppladdning. Om bokm\u00e4rkena\u00a0inte fungerar i PDF-filen kommer de inte att g\u00f6ra det i n\u00e4ttidningen heller.<\/p>\n<p>Alla PDF-filens bokm\u00e4rken\u00a0l\u00e4ses automatiskt in som\u00a0n\u00e4ttidningens inneh\u00e5llsf\u00f6rteckning i samband med\u00a0konverteringen.<\/div><\/div><div class=\"separator  \" style=\"padding-top: 20px; padding-bottom: 20px; \" ><hr class=\"dotted\" ><\/div>[vc_column_text]\n<h3>Kolla \u00e4ven att PDF-filen uppf\u00f6ljer f\u00f6ljande kriterier:<\/h3>\n<ul class=\"checklist nobottommargin\">\n<li class=\"fa fa-check-circle\">Filstorlek under 500 Mb<\/li>\n<li class=\"fa fa-check-circle\">Alla sidor b\u00f6r vara av samma storlek och i r\u00e4tt ordning<\/li>\n<li class=\"fa fa-check-circle\">M\u00f6jliga besk\u00e4rningsm\u00e4rken b\u00f6r avl\u00e4gsnas<\/li>\n<li class=\"fa fa-check-circle\">Namnge PDF-filen v\u00e4l, publikationens l\u00e4nk skapas fr\u00e5n filnamnet (undvik specialtecken och mellanslag)<\/li>\n<\/ul>\n[\/vc_column_text][\/vc_column][\/vc_row]\n<\/div>","protected":false},"excerpt":{"rendered":"<p>[vc_row][vc_column][vc_column_text] Anvisningar f\u00f6r PDF-dokument som ger de b\u00e4sta och mest kompatibla MagNet Express publikationerna [\/vc_column_text][vc_column_text] 1. V\u00c4LJ EN TYDLIG FONT OCH STORLEK F\u00d6R DIN TEXT F\u00f6r online bruk \u00e4r det viktigt att arbeta med en text storlek som \u00e4r minst 10pt \/ 13px s\u00e5 att inneh\u00e5llet \u00e4r l\u00e4tt att l\u00e4sa p\u00e5 alla apparater. Kontrollera att [&hellip;]<\/p>\n","protected":false},"author":1,"featured_media":0,"parent":0,"menu_order":0,"comment_status":"closed","ping_status":"closed","template":"","meta":{"footnotes":""},"class_list":["post-647","page","type-page","status-publish","hentry"],"yoast_head":"<!-- This site is optimized with the Yoast SEO plugin v26.8 - https:\/\/yoast.com\/product\/yoast-seo-wordpress\/ -->\r\n<title>PDF anvisningar - MagNet Express<\/title>\r\n<meta name=\"robots\" content=\"index, follow, max-snippet:-1, max-image-preview:large, max-video-preview:-1\" \/>\r\n<link rel=\"canonical\" href=\"https:\/\/www.expressmagnet.eu\/sv\/pdf-anvisningar\/\" \/>\r\n<script type=\"application\/ld+json\" class=\"yoast-schema-graph\">{\"@context\":\"https:\/\/schema.org\",\"@graph\":[{\"@type\":\"BreadcrumbList\",\"@id\":\"https:\/\/www.expressmagnet.eu\/sv\/pdf-anvisningar\/#breadcrumb\",\"itemListElement\":[{\"@type\":\"ListItem\",\"position\":1,\"name\":\"Etusivu\",\"item\":\"https:\/\/www.expressmagnet.eu\/sv\/\"},{\"@type\":\"ListItem\",\"position\":2,\"name\":\"PDF anvisningar\"}]}]}<\/script>\r\n<!-- \/ Yoast SEO plugin. -->","yoast_head_json":{"title":"PDF anvisningar - MagNet Express","robots":{"index":"index","follow":"follow","max-snippet":"max-snippet:-1","max-image-preview":"max-image-preview:large","max-video-preview":"max-video-preview:-1"},"canonical":"https:\/\/www.expressmagnet.eu\/sv\/pdf-anvisningar\/","schema":{"@context":"https:\/\/schema.org","@graph":[{"@type":"BreadcrumbList","@id":"https:\/\/www.expressmagnet.eu\/sv\/pdf-anvisningar\/#breadcrumb","itemListElement":[{"@type":"ListItem","position":1,"name":"Etusivu","item":"https:\/\/www.expressmagnet.eu\/sv\/"},{"@type":"ListItem","position":2,"name":"PDF anvisningar"}]}]}},"_links":{"self":[{"href":"https:\/\/www.expressmagnet.eu\/sv\/wp-json\/wp\/v2\/pages\/647","targetHints":{"allow":["GET"]}}],"collection":[{"href":"https:\/\/www.expressmagnet.eu\/sv\/wp-json\/wp\/v2\/pages"}],"about":[{"href":"https:\/\/www.expressmagnet.eu\/sv\/wp-json\/wp\/v2\/types\/page"}],"author":[{"embeddable":true,"href":"https:\/\/www.expressmagnet.eu\/sv\/wp-json\/wp\/v2\/users\/1"}],"replies":[{"embeddable":true,"href":"https:\/\/www.expressmagnet.eu\/sv\/wp-json\/wp\/v2\/comments?post=647"}],"version-history":[{"count":0,"href":"https:\/\/www.expressmagnet.eu\/sv\/wp-json\/wp\/v2\/pages\/647\/revisions"}],"wp:attachment":[{"href":"https:\/\/www.expressmagnet.eu\/sv\/wp-json\/wp\/v2\/media?parent=647"}],"curies":[{"name":"wp","href":"https:\/\/api.w.org\/{rel}","templated":true}]}}